{"id":2815,"date":"2019-05-24T08:19:52","date_gmt":"2019-05-24T06:19:52","guid":{"rendered":"https:\/\/www.mellbyhus.se\/sv\/webbshop\/okategoriserad\/import-placeholder-for-48763\/"},"modified":"2021-03-29T11:28:52","modified_gmt":"2021-03-29T09:28:52","slug":"garo-laddbox-37kwh","status":"publish","type":"product","link":"https:\/\/www.mellbyhus.se\/sv\/webbshop\/laddboxar-elbilar\/garo-laddbox-37kwh\/","title":{"rendered":"Garo laddbox 3,7kwh"},"content":{"rendered":"<p>Laddbox fr\u00e5n svenska v\u00e4lk\u00e4nda tillverkaren Garo \u00e4r en smart laddbox f\u00f6r elbilar. Perfekt att placera p\u00e5 garaget eller vid huset. Den har s\u00e4kerhetsfunktion som skyddar mot felstr\u00f6mmar som kan uppst\u00e5 vid laddning av elbil. Boxen monteras upp p\u00e5 v\u00e4ggen i garaget eller p\u00e5 utsidan av huset. Den har en IP44-klassning vilket inneb\u00e4r att den \u00e4r till\u00e5ten f\u00f6r montering utomhus.\u00a0 Laddboxen har dioder p\u00e5 framsidan som indikerar n\u00e4r laddning sker. Bl\u00e5tt vid laddning och gr\u00f6nt vid fulladdat. Med 3,7kwh s\u00e5 laddar denna bilen s\u00e5 det g\u00e5r att k\u00f6ra ca 2 mil\/laddtimme.<\/p>\n<p>Laddboxen skall sj\u00e4lvklart alltid installeras av beh\u00f6rig elektriker som ser till att den har den str\u00f6m som beh\u00f6vs.<\/p>\n<ul>\n<li>Fast sladd p\u00e5 5 meter med Typ2 kontakt f\u00f6r laddning<\/li>\n<li>Mode3 laddning f\u00f6r s\u00e4krare laddning<\/li>\n<li>IP 44, CE\/RoHS m\u00e4rkt<\/li>\n<li>16A 1-fas<\/li>\n<li>M\u00e5tt B:205mm, H:422mm, D:124mm<\/li>\n<li>Vikt:3,2<\/li>\n<\/ul>\n","protected":false},"excerpt":{"rendered":"<p>Garo laddbox \u00e4r en smart l\u00f6sning din elbil med s\u00e4kerhetsfunktion som skyddar mot felstr\u00f6mmar. Perfekt att placera p\u00e5 garaget eller vid huset.<\/p>\n","protected":false},"featured_media":2817,"comment_status":"closed","ping_status":"closed","template":"","meta":[],"product_cat":[233],"product_tag":[234,235],"bundle_layout":"","bundled_by":[],"bundled_items":[],"acf":[],"yoast_head":"<!-- This site is optimized with the Yoast SEO Premium plugin v19.5 (Yoast SEO v19.10) - https:\/\/yoast.com\/wordpress\/plugins\/seo\/ -->\n<title>Garo laddbox 3,7kwh &ndash; Mellby Hus<\/title>\n<meta name=\"description\" content=\"Garo laddbox \u00e4r en smart l\u00f6sning din elbil med s\u00e4kerhetsfunktion som skyddar mot felstr\u00f6mmar. Perfekt att placera p\u00e5 garaget eller vid huset.\" \/>\n<meta name=\"robots\" content=\"index, follow, max-snippet:-1, max-image-preview:large, max-video-preview:-1\" \/>\n<link rel=\"canonical\" href=\"https:\/\/www.mellbyhus.se\/sv\/webbshop\/laddboxar-elbilar\/garo-laddbox-37kwh\/\" \/>\n<meta property=\"og:locale\" content=\"sv_SE\" \/>\n<meta property=\"og:type\" content=\"article\" \/>\n<meta property=\"og:title\" content=\"Garo laddbox 3,7kwh\" \/>\n<meta property=\"og:description\" content=\"Garo laddbox \u00e4r en smart l\u00f6sning din elbil med s\u00e4kerhetsfunktion som skyddar mot felstr\u00f6mmar. Perfekt att placera p\u00e5 garaget eller vid huset.\" \/>\n<meta property=\"og:url\" content=\"https:\/\/www.mellbyhus.se\/sv\/webbshop\/laddboxar-elbilar\/garo-laddbox-37kwh\/\" \/>\n<meta property=\"og:site_name\" content=\"Mellby Hus\" \/>\n<meta property=\"article:modified_time\" content=\"2021-03-29T09:28:52+00:00\" \/>\n<meta property=\"og:image\" content=\"https:\/\/www.mellbyhus.se\/wp-content\/uploads\/2019\/05\/353110_3.jpg\" \/>\n\t<meta property=\"og:image:width\" content=\"1649\" \/>\n\t<meta property=\"og:image:height\" content=\"2500\" \/>\n\t<meta property=\"og:image:type\" content=\"image\/jpeg\" \/>\n<meta name=\"twitter:card\" content=\"summary_large_image\" \/>\n<meta name=\"twitter:label1\" content=\"Ber\u00e4knad l\u00e4stid\" \/>\n\t<meta name=\"twitter:data1\" content=\"1 minut\" \/>\n<script type=\"application\/ld+json\" class=\"yoast-schema-graph\">{\"@context\":\"https:\/\/schema.org\",\"@graph\":[{\"@type\":\"WebPage\",\"@id\":\"https:\/\/www.mellbyhus.se\/sv\/webbshop\/laddboxar-elbilar\/garo-laddbox-37kwh\/\",\"url\":\"https:\/\/www.mellbyhus.se\/sv\/webbshop\/laddboxar-elbilar\/garo-laddbox-37kwh\/\",\"name\":\"Garo laddbox 3,7kwh &ndash; Mellby Hus\",\"isPartOf\":{\"@id\":\"https:\/\/www.mellbyhus.se\/sv\/#website\"},\"datePublished\":\"2019-05-24T06:19:52+00:00\",\"dateModified\":\"2021-03-29T09:28:52+00:00\",\"description\":\"Garo laddbox \u00e4r en smart l\u00f6sning din elbil med s\u00e4kerhetsfunktion som skyddar mot felstr\u00f6mmar. Perfekt att placera p\u00e5 garaget eller vid huset.\",\"breadcrumb\":{\"@id\":\"https:\/\/www.mellbyhus.se\/sv\/webbshop\/laddboxar-elbilar\/garo-laddbox-37kwh\/#breadcrumb\"},\"inLanguage\":\"sv-SE\",\"potentialAction\":[{\"@type\":\"ReadAction\",\"target\":[\"https:\/\/www.mellbyhus.se\/sv\/webbshop\/laddboxar-elbilar\/garo-laddbox-37kwh\/\"]}]},{\"@type\":\"BreadcrumbList\",\"@id\":\"https:\/\/www.mellbyhus.se\/sv\/webbshop\/laddboxar-elbilar\/garo-laddbox-37kwh\/#breadcrumb\",\"itemListElement\":[{\"@type\":\"ListItem\",\"position\":1,\"name\":\"Hem\",\"item\":\"https:\/\/www.mellbyhus.se\/sv\/\"},{\"@type\":\"ListItem\",\"position\":2,\"name\":\"Webbshop\",\"item\":\"https:\/\/www.mellbyhus.se\/sv\/webbshop\/\"},{\"@type\":\"ListItem\",\"position\":3,\"name\":\"Garo laddbox 3,7kwh\"}]},{\"@type\":\"WebSite\",\"@id\":\"https:\/\/www.mellbyhus.se\/sv\/#website\",\"url\":\"https:\/\/www.mellbyhus.se\/sv\/\",\"name\":\"Mellby Hus\",\"description\":\"Bli din egen villaarkitekt\",\"publisher\":{\"@id\":\"https:\/\/www.mellbyhus.se\/sv\/#organization\"},\"potentialAction\":[{\"@type\":\"SearchAction\",\"target\":{\"@type\":\"EntryPoint\",\"urlTemplate\":\"https:\/\/www.mellbyhus.se\/sv\/?s={search_term_string}\"},\"query-input\":\"required name=search_term_string\"}],\"inLanguage\":\"sv-SE\"},{\"@type\":\"Organization\",\"@id\":\"https:\/\/www.mellbyhus.se\/sv\/#organization\",\"name\":\"Mellby Hus AB\",\"url\":\"https:\/\/www.mellbyhus.se\/sv\/\",\"logo\":{\"@type\":\"ImageObject\",\"inLanguage\":\"sv-SE\",\"@id\":\"https:\/\/www.mellbyhus.se\/sv\/#\/schema\/logo\/image\/\",\"url\":\"https:\/\/www.mellbyhus.se\/wp-content\/uploads\/2018\/07\/mellbyhus-logo.png\",\"contentUrl\":\"https:\/\/www.mellbyhus.se\/wp-content\/uploads\/2018\/07\/mellbyhus-logo.png\",\"width\":1500,\"height\":1500,\"caption\":\"Mellby Hus AB\"},\"image\":{\"@id\":\"https:\/\/www.mellbyhus.se\/sv\/#\/schema\/logo\/image\/\"}}]}<\/script>\n<!-- \/ Yoast SEO Premium plugin. -->","yoast_head_json":{"title":"Garo laddbox 3,7kwh &ndash; Mellby Hus","description":"Garo laddbox \u00e4r en smart l\u00f6sning din elbil med s\u00e4kerhetsfunktion som skyddar mot felstr\u00f6mmar. Perfekt att placera p\u00e5 garaget eller vid huset.","robots":{"index":"index","follow":"follow","max-snippet":"max-snippet:-1","max-image-preview":"max-image-preview:large","max-video-preview":"max-video-preview:-1"},"canonical":"https:\/\/www.mellbyhus.se\/sv\/webbshop\/laddboxar-elbilar\/garo-laddbox-37kwh\/","og_locale":"sv_SE","og_type":"article","og_title":"Garo laddbox 3,7kwh","og_description":"Garo laddbox \u00e4r en smart l\u00f6sning din elbil med s\u00e4kerhetsfunktion som skyddar mot felstr\u00f6mmar. Perfekt att placera p\u00e5 garaget eller vid huset.","og_url":"https:\/\/www.mellbyhus.se\/sv\/webbshop\/laddboxar-elbilar\/garo-laddbox-37kwh\/","og_site_name":"Mellby Hus","article_modified_time":"2021-03-29T09:28:52+00:00","og_image":[{"width":1649,"height":2500,"url":"https:\/\/www.mellbyhus.se\/wp-content\/uploads\/2019\/05\/353110_3.jpg","type":"image\/jpeg"}],"twitter_card":"summary_large_image","twitter_misc":{"Ber\u00e4knad l\u00e4stid":"1 minut"},"schema":{"@context":"https:\/\/schema.org","@graph":[{"@type":"WebPage","@id":"https:\/\/www.mellbyhus.se\/sv\/webbshop\/laddboxar-elbilar\/garo-laddbox-37kwh\/","url":"https:\/\/www.mellbyhus.se\/sv\/webbshop\/laddboxar-elbilar\/garo-laddbox-37kwh\/","name":"Garo laddbox 3,7kwh &ndash; Mellby Hus","isPartOf":{"@id":"https:\/\/www.mellbyhus.se\/sv\/#website"},"datePublished":"2019-05-24T06:19:52+00:00","dateModified":"2021-03-29T09:28:52+00:00","description":"Garo laddbox \u00e4r en smart l\u00f6sning din elbil med s\u00e4kerhetsfunktion som skyddar mot felstr\u00f6mmar. Perfekt att placera p\u00e5 garaget eller vid huset.","breadcrumb":{"@id":"https:\/\/www.mellbyhus.se\/sv\/webbshop\/laddboxar-elbilar\/garo-laddbox-37kwh\/#breadcrumb"},"inLanguage":"sv-SE","potentialAction":[{"@type":"ReadAction","target":["https:\/\/www.mellbyhus.se\/sv\/webbshop\/laddboxar-elbilar\/garo-laddbox-37kwh\/"]}]},{"@type":"BreadcrumbList","@id":"https:\/\/www.mellbyhus.se\/sv\/webbshop\/laddboxar-elbilar\/garo-laddbox-37kwh\/#breadcrumb","itemListElement":[{"@type":"ListItem","position":1,"name":"Hem","item":"https:\/\/www.mellbyhus.se\/sv\/"},{"@type":"ListItem","position":2,"name":"Webbshop","item":"https:\/\/www.mellbyhus.se\/sv\/webbshop\/"},{"@type":"ListItem","position":3,"name":"Garo laddbox 3,7kwh"}]},{"@type":"WebSite","@id":"https:\/\/www.mellbyhus.se\/sv\/#website","url":"https:\/\/www.mellbyhus.se\/sv\/","name":"Mellby Hus","description":"Bli din egen villaarkitekt","publisher":{"@id":"https:\/\/www.mellbyhus.se\/sv\/#organization"},"potentialAction":[{"@type":"SearchAction","target":{"@type":"EntryPoint","urlTemplate":"https:\/\/www.mellbyhus.se\/sv\/?s={search_term_string}"},"query-input":"required name=search_term_string"}],"inLanguage":"sv-SE"},{"@type":"Organization","@id":"https:\/\/www.mellbyhus.se\/sv\/#organization","name":"Mellby Hus AB","url":"https:\/\/www.mellbyhus.se\/sv\/","logo":{"@type":"ImageObject","inLanguage":"sv-SE","@id":"https:\/\/www.mellbyhus.se\/sv\/#\/schema\/logo\/image\/","url":"https:\/\/www.mellbyhus.se\/wp-content\/uploads\/2018\/07\/mellbyhus-logo.png","contentUrl":"https:\/\/www.mellbyhus.se\/wp-content\/uploads\/2018\/07\/mellbyhus-logo.png","width":1500,"height":1500,"caption":"Mellby Hus AB"},"image":{"@id":"https:\/\/www.mellbyhus.se\/sv\/#\/schema\/logo\/image\/"}}]}},"_links":{"self":[{"href":"https:\/\/www.mellbyhus.se\/sv\/wp-json\/wp\/v2\/product\/2815"}],"collection":[{"href":"https:\/\/www.mellbyhus.se\/sv\/wp-json\/wp\/v2\/product"}],"about":[{"href":"https:\/\/www.mellbyhus.se\/sv\/wp-json\/wp\/v2\/types\/product"}],"replies":[{"embeddable":true,"href":"https:\/\/www.mellbyhus.se\/sv\/wp-json\/wp\/v2\/comments?post=2815"}],"wp:featuredmedia":[{"embeddable":true,"href":"https:\/\/www.mellbyhus.se\/sv\/wp-json\/wp\/v2\/media\/2817"}],"wp:attachment":[{"href":"https:\/\/www.mellbyhus.se\/sv\/wp-json\/wp\/v2\/media?parent=2815"}],"wp:term":[{"taxonomy":"product_cat","embeddable":true,"href":"https:\/\/www.mellbyhus.se\/sv\/wp-json\/wp\/v2\/product_cat?post=2815"},{"taxonomy":"product_tag","embeddable":true,"href":"https:\/\/www.mellbyhus.se\/sv\/wp-json\/wp\/v2\/product_tag?post=2815"}],"curies":[{"name":"wp","href":"https:\/\/api.w.org\/{rel}","templated":true}]}}